{"id":13358,"date":"2023-04-27T11:04:39","date_gmt":"2023-04-27T14:04:39","guid":{"rendered":"https:\/\/twin-net.com.br\/sanrafael\/?page_id=13358"},"modified":"2023-05-16T10:45:41","modified_gmt":"2023-05-16T13:45:41","slug":"politica-de-privacidade","status":"publish","type":"page","link":"https:\/\/twin-net.com.br\/sanrafael\/politica-de-privacidade\/","title":{"rendered":"Pol\u00edtica de Privacidade"},"content":{"rendered":"\t\t<div data-elementor-type=\"wp-page\" data-elementor-id=\"13358\" class=\"elementor elementor-13358\" data-elementor-post-type=\"page\">\n\t\t\t\t\t\t\t\t\t<section class=\"elementor-section elementor-top-section elementor-element elementor-element-c2be3bf elementor-section-height-min-height elementor-section-stretched elementor-section-boxed elementor-section-height-default elementor-section-items-middle\" data-id=\"c2be3bf\" data-element_type=\"section\" data-settings=\"{&quot;stretch_section&quot;:&quot;section-stretched&quot;,&quot;background_background&quot;:&quot;classic&quot;}\">\n\t\t\t\t\t\t\t<div class=\"elementor-background-overlay\"><\/div>\n\t\t\t\t\t\t\t<div class=\"elementor-container elementor-column-gap-default\">\n\t\t\t\t\t<div class=\"elementor-column elementor-col-100 elementor-top-column elementor-element elementor-element-7fd3a84\" data-id=\"7fd3a84\" data-element_type=\"column\">\n\t\t\t<div class=\"elementor-widget-wrap elementor-element-populated\">\n\t\t\t\t\t\t\t\t<div class=\"elementor-element elementor-element-a24627c elementor-widget elementor-widget-heading\" data-id=\"a24627c\" data-element_type=\"widget\" data-widget_type=\"heading.default\">\n\t\t\t\t<div class=\"elementor-widget-container\">\n\t\t\t<style>\/*! elementor - v3.18.0 - 06-12-2023 *\/\n.elementor-heading-title{padding:0;margin:0;line-height:1}.elementor-widget-heading .elementor-heading-title[class*=elementor-size-]>a{color:inherit;font-size:inherit;line-height:inherit}.elementor-widget-heading .elementor-heading-title.elementor-size-small{font-size:15px}.elementor-widget-heading .elementor-heading-title.elementor-size-medium{font-size:19px}.elementor-widget-heading .elementor-heading-title.elementor-size-large{font-size:29px}.elementor-widget-heading .elementor-heading-title.elementor-size-xl{font-size:39px}.elementor-widget-heading .elementor-heading-title.elementor-size-xxl{font-size:59px}<\/style><h2 class=\"elementor-heading-title elementor-size-default\">Pol\u00edtica de Privacidade<\/h2>\t\t<\/div>\n\t\t\t\t<\/div>\n\t\t\t\t\t<\/div>\n\t\t<\/div>\n\t\t\t\t\t\t\t<\/div>\n\t\t<\/section>\n\t\t\t\t<section class=\"elementor-section elementor-top-section elementor-element elementor-element-f95ab2e elementor-section-stretched elementor-section-boxed elementor-section-height-default elementor-section-height-default\" data-id=\"f95ab2e\" data-element_type=\"section\" data-settings=\"{&quot;stretch_section&quot;:&quot;section-stretched&quot;,&quot;background_background&quot;:&quot;classic&quot;}\">\n\t\t\t\t\t\t<div class=\"elementor-container elementor-column-gap-default\">\n\t\t\t\t\t<div class=\"elementor-column elementor-col-100 elementor-top-column elementor-element elementor-element-4acd82f\" data-id=\"4acd82f\" data-element_type=\"column\" data-settings=\"{&quot;background_background&quot;:&quot;classic&quot;}\">\n\t\t\t<div class=\"elementor-widget-wrap elementor-element-populated\">\n\t\t\t\t\t\t\t\t<div class=\"elementor-element elementor-element-6651227 elementor-widget elementor-widget-text-editor\" data-id=\"6651227\" data-element_type=\"widget\" data-widget_type=\"text-editor.default\">\n\t\t\t\t<div class=\"elementor-widget-container\">\n\t\t\t<style>\/*! elementor - v3.18.0 - 06-12-2023 *\/\n.elementor-widget-text-editor.elementor-drop-cap-view-stacked .elementor-drop-cap{background-color:#69727d;color:#fff}.elementor-widget-text-editor.elementor-drop-cap-view-framed .elementor-drop-cap{color:#69727d;border:3px solid;background-color:transparent}.elementor-widget-text-editor:not(.elementor-drop-cap-view-default) .elementor-drop-cap{margin-top:8px}.elementor-widget-text-editor:not(.elementor-drop-cap-view-default) .elementor-drop-cap-letter{width:1em;height:1em}.elementor-widget-text-editor .elementor-drop-cap{float:left;text-align:center;line-height:1;font-size:50px}.elementor-widget-text-editor .elementor-drop-cap-letter{display:inline-block}<\/style>\t\t\t\t<strong>Atualizada pela \u00faltima vez em 27 de abril de 2023<\/strong><br class=\"blank\" \/><strong>Data efetiva 27 de abril de 2023<\/strong><br class=\"blank\" \/><br class=\"blank\" \/>\n\nO Hotel San Rafael leva a privacidade dos seus clientes muito a s\u00e9rio e est\u00e1 comprometido em proteger a seguran\u00e7a e confidencialidade dos dados pessoais coletados atrav\u00e9s do nosso site. Esta <strong>Pol\u00edtica de Privacidade<\/strong> descreve como coletamos, usamos e protegemos as informa\u00e7\u00f5es que voc\u00ea nos fornece.<br class=\"blank\" \/><br class=\"blank\" \/>\n\nEsta <strong>Pol\u00edtica de Privacidade<\/strong> descreve as pol\u00edticas do Hotel San Rafael, rua Prudente de Moraes, 377, Centro, Porto Uni\u00e3o, Santa Catarina 89400-000, Brasil, e-mail: <strong><a class=\"link-b\" href=\"mailto:reservas@twin-net.com.br\">reservas@twin-net.com.br<\/a><\/strong>, telefone: <strong><a class=\"link-b\" href=\"tel:4225224344\">(42) 3522-4344<\/a><\/strong>, sobre a coleta, uso e divulga\u00e7\u00e3o de suas informa\u00e7\u00f5es que coletamos quando voc\u00ea usa nosso site (<strong><a class=\"link-b\" href=\"https:\/\/twin-net.com.br\/sanrafael\">https:\/\/twin-net.com.br\/sanrafael<\/a><\/strong>).<br class=\"blank\" \/><br class=\"blank\" \/>\n\nAo acessar ou usar o servi\u00e7o, voc\u00ea concorda com a coleta, uso e divulga\u00e7\u00e3o de suas informa\u00e7\u00f5es de acordo com esta <strong>Pol\u00edtica de Privacidade<\/strong>.\u00a0Se voc\u00ea n\u00e3o consentir com o mesmo, por favor, n\u00e3o acesse ou use o servi\u00e7o.\n\nPodemos modificar esta <strong>Pol\u00edtica de Privacidade<\/strong> a qualquer momento sem aviso pr\u00e9vio e publicaremos a Pol\u00edtica de Privacidade revisada no servi\u00e7o. A Pol\u00edtica revisada entrar\u00e1 em vigor 180 dias a partir de quando a Pol\u00edtica revisada for publicada no Servi\u00e7o e seu acesso ou uso cont\u00ednuo do servi\u00e7o, ap\u00f3s esse per\u00edodo, constituir\u00e1 sua aceita\u00e7\u00e3o da <strong>Pol\u00edtica de Privacidade<\/strong> revisada.\u00a0Portanto, recomendamos que voc\u00ea revise periodicamente esta p\u00e1gina.\t\t\t\t\t\t<\/div>\n\t\t\t\t<\/div>\n\t\t\t\t<div class=\"elementor-element elementor-element-1afed5e elementor-widget elementor-widget-text-editor\" data-id=\"1afed5e\" data-element_type=\"widget\" data-widget_type=\"text-editor.default\">\n\t\t\t\t<div class=\"elementor-widget-container\">\n\t\t\t\t\t\t\t<ul class=\"privacy-policy-ol\">\n \t<li>\n<h5 class=\"privacy-policy-h2\"><span style=\"text-decoration: underline;\"><strong>INFORMA\u00c7\u00d5ES QUE COLETAMOS:<\/strong><\/span><\/h5>\nColetaremos e processaremos as seguintes informa\u00e7\u00f5es pessoais sobre voc\u00ea:\n<ol class=\"privacy-policy-ol\">\n \t<li><strong>Nome<\/strong><\/li>\n \t<li><strong>E-mail<\/strong><\/li>\n \t<li><strong>Telefone (celular\/fixo)<\/strong><\/li>\n \t<li><strong>Endere\u00e7o<\/strong><\/li>\n<\/ol>\n<\/li>\n<\/ul>\t\t\t\t\t\t<\/div>\n\t\t\t\t<\/div>\n\t\t\t\t<div class=\"elementor-element elementor-element-e2228aa elementor-widget elementor-widget-text-editor\" data-id=\"e2228aa\" data-element_type=\"widget\" data-widget_type=\"text-editor.default\">\n\t\t\t\t<div class=\"elementor-widget-container\">\n\t\t\t\t\t\t\t<ul>\n \t<li>\n<h5><span style=\"text-decoration: underline;\"><strong>COMO USAMOS SUAS INFORMA\u00c7\u00d5ES:<\/strong><\/span><\/h5><br>\nUsaremos as informa\u00e7\u00f5es que coletamos sobre voc\u00ea para os seguintes fins:<br><br>\n<ol class=\"privacy-policy-ol\">\n \t<li><strong>Gerenciar pedido de reserva do cliente<\/strong><\/li>\n<\/ol><br>\nAs informa\u00e7\u00f5es que coletamos s\u00e3o usadas \u00fanica e exclusivamente para fins de processamento de reservas e comunica\u00e7\u00e3o com nossos clientes. N\u00e3o compartilhamos informa\u00e7\u00f5es pessoais com terceiros, exceto quando exigido por lei ou quando necess\u00e1rio para fornecer servi\u00e7os solicitados por nossos clientes, como processamento de pagamentos.<\/li>\n<\/ul>\t\t\t\t\t\t<\/div>\n\t\t\t\t<\/div>\n\t\t\t\t<div class=\"elementor-element elementor-element-9ed3878 elementor-widget elementor-widget-text-editor\" data-id=\"9ed3878\" data-element_type=\"widget\" data-widget_type=\"text-editor.default\">\n\t\t\t\t<div class=\"elementor-widget-container\">\n\t\t\t\t\t\t\t<ul>\n \t<li>\n<h5><span style=\"text-decoration: underline;\"><strong>RETEN\u00c7\u00c3O DE SUAS INFORMA\u00c7\u00d5ES:<\/strong><\/span><\/h5><br>\n Reteremos suas informa\u00e7\u00f5es pessoais conosco por 90 dias a 2 anos ap\u00f3s as contas de usu\u00e1rio permanecerem ociosas ou pelo tempo que precisarmos para cumprir os prop\u00f3sitos para os quais foram coletadas, conforme detalhado nesta <strong>Pol\u00edtica de Privacidade<\/strong>. Podemos precisar reter certas informa\u00e7\u00f5es por per\u00edodos mais longos, como manuten\u00e7\u00e3o de registros \/ relat\u00f3rios de acordo com a lei aplic\u00e1vel ou por outros motivos leg\u00edtimos, como aplica\u00e7\u00e3o de direitos legais, preven\u00e7\u00e3o de fraudes, etc. Informa\u00e7\u00f5es an\u00f4nimas residuais e informa\u00e7\u00f5es agregadas, nenhuma das quais identifica voc\u00ea (direta ou indiretamente), podem ser armazenados indefinidamente.<\/li>\n<\/ul>\t\t\t\t\t\t<\/div>\n\t\t\t\t<\/div>\n\t\t\t\t<div class=\"elementor-element elementor-element-e84da06 elementor-widget elementor-widget-text-editor\" data-id=\"e84da06\" data-element_type=\"widget\" data-widget_type=\"text-editor.default\">\n\t\t\t\t<div class=\"elementor-widget-container\">\n\t\t\t\t\t\t\t<ul>\n \t<li>\n<h5><span style=\"text-decoration: underline;\"><strong>SEUS DIREITOS:<\/strong><\/span><\/h5><br class=\"blank\" \/>\nDependendo da lei aplic\u00e1vel, voc\u00ea pode ter o direito de acessar e retificar ou apagar seus dados pessoais ou receber uma c\u00f3pia de seus dados pessoais, restringir ou se opor ao processamento ativo de seus dados, pe\u00e7a-nos para compartilhar (portar) seus dados pessoais informa\u00e7\u00f5es a outra entidade, retirar qualquer consentimento que voc\u00ea nos forneceu para processar seus dados, o direito de apresentar uma reclama\u00e7\u00e3o a uma autoridade legal e outros direitos que possam ser relevantes de acordo com as leis aplic\u00e1veis. Para exercer esses direitos, voc\u00ea pode nos escrever no e-mail <strong><a class=\"link-b\" href=\"mailto:reservas@twin-net.com.br\">reservas@twin-net.com.br<\/a><\/strong>. Responderemos \u00e0 sua solicita\u00e7\u00e3o de acordo com a lei aplic\u00e1vel.<br class=\"blank\" \/><br class=\"blank\" \/>Observe que, se voc\u00ea n\u00e3o nos permitir coletar ou processar as informa\u00e7\u00f5es pessoais necess\u00e1rias ou retirar o consentimento para processar as mesmas para os fins exigidos, talvez voc\u00ea n\u00e3o consiga acessar ou usar os servi\u00e7os para os quais suas informa\u00e7\u00f5es foram solicitadas.<\/li>\n<\/ul>\t\t\t\t\t\t<\/div>\n\t\t\t\t<\/div>\n\t\t\t\t<div class=\"elementor-element elementor-element-8efbbcf elementor-widget elementor-widget-text-editor\" data-id=\"8efbbcf\" data-element_type=\"widget\" data-widget_type=\"text-editor.default\">\n\t\t\t\t<div class=\"elementor-widget-container\">\n\t\t\t\t\t\t\t<ul>\n \t<li>\n<h5><span style=\"text-decoration: underline;\"><strong>SEGURAN\u00c7A:<\/strong><\/span><\/h5>\n<br class=\"blank\" \/>O Hotel San Rafael adota medidas de seguran\u00e7a para proteger as informa\u00e7\u00f5es dos nossos clientes contra acesso n\u00e3o autorizado, altera\u00e7\u00e3o, divulga\u00e7\u00e3o ou destrui\u00e7\u00e3o. Utilizamos protocolos de criptografia e armazenamento seguro para proteger os dados pessoais coletados atrav\u00e9s do nosso site.<br class=\"blank\" \/><br class=\"blank\" \/>A seguran\u00e7a de suas informa\u00e7\u00f5es \u00e9 importante para n\u00f3s e usaremos medidas de seguran\u00e7a razo\u00e1veis \u200b\u200bpara evitar a perda, uso indevido ou altera\u00e7\u00e3o n\u00e3o autorizada de suas informa\u00e7\u00f5es sob nosso controle. No entanto, dados os riscos inerentes, n\u00e3o podemos garantir a seguran\u00e7a absoluta e, consequentemente, n\u00e3o podemos garantir ou garantir a seguran\u00e7a de qualquer informa\u00e7\u00e3o que nos transmita e f\u00e1-lo por sua conta e risco.<\/li> \n<\/ul>\t\t\t\t\t\t<\/div>\n\t\t\t\t<\/div>\n\t\t\t\t<div class=\"elementor-element elementor-element-67cee5f elementor-widget elementor-widget-text-editor\" data-id=\"67cee5f\" data-element_type=\"widget\" data-widget_type=\"text-editor.default\">\n\t\t\t\t<div class=\"elementor-widget-container\">\n\t\t\t\t\t\t\t<ul>\n \t<li>\n<h5><span style=\"text-decoration: underline;\"><strong>DIRETOR DE PROTE\u00c7\u00c3O DE DADOS:<\/strong><\/span><\/h5>\n<br class=\"blank\" \/>\nSe voc\u00ea tiver alguma d\u00favida ou preocupa\u00e7\u00e3o sobre o processamento de suas informa\u00e7\u00f5es que est\u00e3o dispon\u00edveis conosco, voc\u00ea pode enviar um e-mail para nosso Diretor de Prote\u00e7\u00e3o de Dados do Hotel San Rafael, rua Prudente de Moraes, 377, Centro, Porto Uni\u00e3o, e-mail: <strong><a class=\"link-b\" href=\"mailto:reservas@twin-net.com.br\">reservas@twin-net.com.br<\/a><\/strong>. Abordaremos suas preocupa\u00e7\u00f5es de acordo com a lei aplic\u00e1vel.<\/li>\n<\/ul>\t\t\t\t\t\t<\/div>\n\t\t\t\t<\/div>\n\t\t\t\t\t<\/div>\n\t\t<\/div>\n\t\t\t\t\t\t\t<\/div>\n\t\t<\/section>\n\t\t\t\t\t\t\t<\/div>\n\t\t","protected":false},"excerpt":{"rendered":"<p>Pol\u00edtica de Privacidade Atualizada pela \u00faltima vez em 27 de abril de 2023Data efetiva 27 de abril de 2023 O Hotel San Rafael leva a privacidade dos seus clientes muito a s\u00e9rio e est\u00e1 comprometido em proteger a seguran\u00e7a e confidencialidade dos dados pessoais coletados atrav\u00e9s do nosso site. Esta Pol\u00edtica de Privacidade descreve como [&hellip;]<\/p>\n","protected":false},"author":1,"featured_media":0,"parent":0,"menu_order":0,"comment_status":"closed","ping_status":"closed","template":"","meta":{"_joinchat":[],"footnotes":""},"class_list":["post-13358","page","type-page","status-publish","hentry"],"_links":{"self":[{"href":"https:\/\/twin-net.com.br\/sanrafael\/wp-json\/wp\/v2\/pages\/13358","targetHints":{"allow":["GET"]}}],"collection":[{"href":"https:\/\/twin-net.com.br\/sanrafael\/wp-json\/wp\/v2\/pages"}],"about":[{"href":"https:\/\/twin-net.com.br\/sanrafael\/wp-json\/wp\/v2\/types\/page"}],"author":[{"embeddable":true,"href":"https:\/\/twin-net.com.br\/sanrafael\/wp-json\/wp\/v2\/users\/1"}],"replies":[{"embeddable":true,"href":"https:\/\/twin-net.com.br\/sanrafael\/wp-json\/wp\/v2\/comments?post=13358"}],"version-history":[{"count":169,"href":"https:\/\/twin-net.com.br\/sanrafael\/wp-json\/wp\/v2\/pages\/13358\/revisions"}],"predecessor-version":[{"id":13662,"href":"https:\/\/twin-net.com.br\/sanrafael\/wp-json\/wp\/v2\/pages\/13358\/revisions\/13662"}],"wp:attachment":[{"href":"https:\/\/twin-net.com.br\/sanrafael\/wp-json\/wp\/v2\/media?parent=13358"}],"curies":[{"name":"wp","href":"https:\/\/api.w.org\/{rel}","templated":true}]}}